{"id":316,"date":"2022-05-11T19:31:48","date_gmt":"2022-05-11T19:31:48","guid":{"rendered":"https:\/\/dnac2022.dnac.org\/?page_id=316"},"modified":"2022-05-11T19:31:48","modified_gmt":"2022-05-11T19:31:48","slug":"guy-pujolle","status":"publish","type":"page","link":"https:\/\/journee.dnac.org\/2023\/speakers\/guy-pujolle\/","title":{"rendered":"Guy Pujolle"},"content":{"rendered":"\n<p>Guy Pujolle est professeur de l\u2019Universit\u00e9 Pierre et Marie Curie et membre de l\u2019Acad\u00e9mie Royale de Lund, Su\u00e8de. Il est \u00e9galement professeur honoris causa de l\u2019Universit\u00e9 BUPT de P\u00e9kin. Il a \u00e9t\u00e9 professeur invit\u00e9 de nombreuses universit\u00e9s \u00e9trang\u00e8res dont POSTEC, NCSU, Rutgers, Stanford, UFRJ et UQAM.<br>Guy Pujolle a re\u00e7u de nombreux prix dont le Grand Prix Orange de l\u2019Acad\u00e9mie des Sciences en 2013 et le prix Seymour Cray en 1991. Il a \u00e9t\u00e9 membre du conseil scientifique du groupe Orange (1994-2010). Il est auteur de plus de 300 publications scientifiques et d\u2019une vingtaine d\u2019ouvrages, en particulier \u00ab Les R\u00e9seaux \u00bb (Eyrolles) vendu en 160 000 exemplaires.<\/p>\n\n\n\n<p><br>Guy Pujolle a \u00e9t\u00e9 \u00e0 l\u2019origine de diff\u00e9rents brevets sur les r\u00e9seaux \u00e0 tr\u00e8s haut d\u00e9bit, les DPI et les r\u00e9seaux virtuels. Il est co-fondateur de : QoSMOS (<a href=\"http:\/\/www.qosmos.fr\">www.qosmos.fr<\/a>), Ucopia (<a href=\"http:\/\/www.ucopia.com\">www.ucopia.com<\/a>), EtherTrust (<a href=\"http:\/\/www.ethertrust.com\">www.ethertrust.com<\/a>) et Green Communications (<a href=\"http:\/\/www.green-communications.fr\">www.green-communications.fr<\/a>).<\/p>\n","protected":false},"excerpt":{"rendered":"<p>Guy Pujolle est professeur de l\u2019Universit\u00e9 Pierre et Marie Curie et membre de l\u2019Acad\u00e9mie Royale de Lund, Su\u00e8de. Il est \u00e9galement professeur honoris causa de<a href=\"https:\/\/journee.dnac.org\/2023\/speakers\/guy-pujolle\/\" class=\"more-link\">View More<\/a><\/p>\n","protected":false},"author":1,"featured_media":317,"parent":206,"menu_order":0,"comment_status":"closed","ping_status":"closed","template":"","meta":{"footnotes":""},"class_list":["post-316","page","type-page","status-publish","has-post-thumbnail","hentry"],"_links":{"self":[{"href":"https:\/\/journee.dnac.org\/2023\/wp-json\/wp\/v2\/pages\/316","targetHints":{"allow":["GET"]}}],"collection":[{"href":"https:\/\/journee.dnac.org\/2023\/wp-json\/wp\/v2\/pages"}],"about":[{"href":"https:\/\/journee.dnac.org\/2023\/wp-json\/wp\/v2\/types\/page"}],"author":[{"embeddable":true,"href":"https:\/\/journee.dnac.org\/2023\/wp-json\/wp\/v2\/users\/1"}],"replies":[{"embeddable":true,"href":"https:\/\/journee.dnac.org\/2023\/wp-json\/wp\/v2\/comments?post=316"}],"version-history":[{"count":0,"href":"https:\/\/journee.dnac.org\/2023\/wp-json\/wp\/v2\/pages\/316\/revisions"}],"up":[{"embeddable":true,"href":"https:\/\/journee.dnac.org\/2023\/wp-json\/wp\/v2\/pages\/206"}],"wp:featuredmedia":[{"embeddable":true,"href":"https:\/\/journee.dnac.org\/2023\/wp-json\/wp\/v2\/media\/317"}],"wp:attachment":[{"href":"https:\/\/journee.dnac.org\/2023\/wp-json\/wp\/v2\/media?parent=316"}],"curies":[{"name":"wp","href":"https:\/\/api.w.org\/{rel}","templated":true}]}}