{"id":376,"date":"2023-05-01T10:08:18","date_gmt":"2023-05-01T08:08:18","guid":{"rendered":"https:\/\/journee.dnac.org\/?page_id=376"},"modified":"2023-05-23T22:33:05","modified_gmt":"2023-05-23T20:33:05","slug":"inscription","status":"publish","type":"page","link":"https:\/\/journee.dnac.org\/2023\/inscription\/","title":{"rendered":"Inscription"},"content":{"rendered":"\n<div class=\"ticket-card ticket-card-1\">\n<table class=\"table-style-three\">\n    <tbody><\/tbody>\n    <thead>\n        <tr>\n            <th>&nbsp;<\/th>\n            <th>Inscription Early (Jusqu&rsquo;au 20 Juin)<\/th>\n            <th>Inscription Late (Jusqu&rsquo;au 26 Juin)<\/th>\n        <\/tr>\n    <\/thead>\n    <tbody>\n        <tr>\n            <td>Participant<\/td>\n            <td>260,00 \u20ac HT<\/td>\n            <td>360,00 \u20ac HT<\/td>\n        <\/tr>\n        <tr>\n            <td>Etudiant<\/td>\n            <td>180,00 \u20ac HT<\/td>\n            <td>280,00 \u20ac HT<\/td>\n        <\/tr>\n    <\/tbody>\n<\/table>\n    <a id=\"inscriptionLink\" href=\"https:\/\/admin.dnac.org\/registration\/registration.php?Conference=JRDNAC23\" onclick=\"window.open('https:\/\/admin.dnac.org\/registration\/registration.php?Conference=JRDNAC23','newwindow','width=1000,height=800'); return false;\">\n        <input type=\"submit\" id=\"searchsubmit\" value=\"Inscription Journ\u00e9e DNAC 2023\">\n    <\/a>\n<\/div>\n<br>\n<ul>\n    <li>Les tarifs d&rsquo;inscriptions sont en HT, une TVA de 20% sera appliqu\u00e9e lors du paiement qui correspond \u00e0 la TVA appliqu\u00e9e en France<\/li>\n    <li>Le tarif d&rsquo;inscription comprend: la journ\u00e9e DNAC, le dejeuner le cocktail et le support de pr\u00e9sentation<\/li>\n    <li>Le tarif d&rsquo;inscription etudiant comprend: la journ\u00e9e DNAC, le dejeuner et le support de pr\u00e9sentation, le cocktail n&rsquo;est pas inclus<\/li>\n<\/ul>\n","protected":false},"excerpt":{"rendered":"<p>&nbsp; Inscription Early (Jusqu&rsquo;au 20 Juin) Inscription Late (Jusqu&rsquo;au 26 Juin) Participant 260,00 \u20ac HT 360,00 \u20ac HT Etudiant 180,00 \u20ac HT 280,00 \u20ac HT<a href=\"https:\/\/journee.dnac.org\/2023\/inscription\/\" class=\"more-link\">View More<\/a><\/p>\n","protected":false},"author":1,"featured_media":0,"parent":0,"menu_order":0,"comment_status":"closed","ping_status":"closed","template":"","meta":{"footnotes":""},"class_list":["post-376","page","type-page","status-publish","hentry"],"_links":{"self":[{"href":"https:\/\/journee.dnac.org\/2023\/wp-json\/wp\/v2\/pages\/376","targetHints":{"allow":["GET"]}}],"collection":[{"href":"https:\/\/journee.dnac.org\/2023\/wp-json\/wp\/v2\/pages"}],"about":[{"href":"https:\/\/journee.dnac.org\/2023\/wp-json\/wp\/v2\/types\/page"}],"author":[{"embeddable":true,"href":"https:\/\/journee.dnac.org\/2023\/wp-json\/wp\/v2\/users\/1"}],"replies":[{"embeddable":true,"href":"https:\/\/journee.dnac.org\/2023\/wp-json\/wp\/v2\/comments?post=376"}],"version-history":[{"count":17,"href":"https:\/\/journee.dnac.org\/2023\/wp-json\/wp\/v2\/pages\/376\/revisions"}],"predecessor-version":[{"id":449,"href":"https:\/\/journee.dnac.org\/2023\/wp-json\/wp\/v2\/pages\/376\/revisions\/449"}],"wp:attachment":[{"href":"https:\/\/journee.dnac.org\/2023\/wp-json\/wp\/v2\/media?parent=376"}],"curies":[{"name":"wp","href":"https:\/\/api.w.org\/{rel}","templated":true}]}}