{"id":473,"date":"2024-04-01T10:02:11","date_gmt":"2024-04-01T08:02:11","guid":{"rendered":"https:\/\/journee.dnac.org\/2024\/?page_id=473"},"modified":"2024-05-28T11:46:32","modified_gmt":"2024-05-28T09:46:32","slug":"inscription","status":"publish","type":"page","link":"https:\/\/journee.dnac.org\/2024\/inscription\/","title":{"rendered":"Inscription"},"content":{"rendered":"\n<h3 class=\"wp-block-heading\" style=\"color: #138dde;\">Inscription \u00ab\u00a0Early\u00a0\u00bb<\/h3>\n\n\n\n<figure class=\"wp-block-table tg\"><table><tbody><tr><td class=\"has-text-align-center\" data-align=\"center\">Tarif \u00ab\u00a0Early\u00a0\u00bb jusqu&rsquo;au 6 novembre 2024<\/td><\/tr><tr><td class=\"has-text-align-center\" data-align=\"center\">240,00 \u20ac TTC<\/td><\/tr><\/tbody><\/table><\/figure>\n\n\n\n<div class=\"wp-block-buttons is-horizontal is-content-justification-center is-layout-flex wp-container-core-buttons-is-layout-499968f5 wp-block-buttons-is-layout-flex\">\n<div class=\"wp-block-button\"><a class=\"wp-block-button__link wp-element-button\" href=\"https:\/\/admin.dnac.org\/registration\/registration.php?Conference=JRDNAC24&amp;Tickets[]=360\" target=\"_blank\" rel=\"noreferrer noopener\">Early<\/a><\/div>\n<\/div>\n\n\n\n<h3 class=\"wp-block-heading\" style=\"color: #138dde;\">Inscription \u00ab\u00a0Late\u00a0\u00bb<\/h3>\n\n\n\n<figure class=\"wp-block-table tg\"><table><tbody><tr><td class=\"has-text-align-center\" data-align=\"center\">Tarif \u00ab\u00a0Late\u00a0\u00bb apr\u00e8s le 6 novembre 2024<\/td><\/tr><tr><td class=\"has-text-align-center\" data-align=\"center\">340,00 \u20ac TTC<\/td><\/tr><\/tbody><\/table><\/figure>\n\n\n\n<div class=\"wp-block-buttons is-horizontal is-content-justification-center is-layout-flex wp-container-core-buttons-is-layout-499968f5 wp-block-buttons-is-layout-flex\">\n<div class=\"wp-block-button\"><a class=\"wp-block-button__link wp-element-button\" href=\"https:\/\/admin.dnac.org\/registration\/registration.php?Conference=JRDNAC24&amp;Tickets[]=359\" target=\"_blank\" rel=\"noreferrer noopener\">Late<\/a><\/div>\n<\/div>\n\n\n\n<p><\/p>\n\n\n\n<ul class=\"wp-block-list\">\n<li>Les tarifs d&rsquo;inscriptions inclus un taux deTVA de 20%  qui correspond \u00e0 la TVA appliqu\u00e9e en France<\/li>\n<\/ul>\n\n\n\n<p>Des r\u00e9ductions sont possibles pour des inscriptions de groupe<\/p>\n\n\n\n<p>Cette journ\u00e9e peut \u00eatre r\u00e9p\u00e9t\u00e9e en s\u00e9minaire interne \u00e0 des entreprises qui le souhaiteraient.<\/p>\n","protected":false},"excerpt":{"rendered":"<p>Inscription \u00ab\u00a0Early\u00a0\u00bb Tarif \u00ab\u00a0Early\u00a0\u00bb jusqu&rsquo;au 6 novembre 2024 240,00 \u20ac TTC Inscription \u00ab\u00a0Late\u00a0\u00bb Tarif \u00ab\u00a0Late\u00a0\u00bb apr\u00e8s le 6 novembre 2024&hellip; <\/p>\n","protected":false},"author":1,"featured_media":0,"parent":0,"menu_order":0,"comment_status":"closed","ping_status":"closed","template":"","meta":{"footnotes":""},"class_list":["post-473","page","type-page","status-publish","hentry"],"_links":{"self":[{"href":"https:\/\/journee.dnac.org\/2024\/wp-json\/wp\/v2\/pages\/473","targetHints":{"allow":["GET"]}}],"collection":[{"href":"https:\/\/journee.dnac.org\/2024\/wp-json\/wp\/v2\/pages"}],"about":[{"href":"https:\/\/journee.dnac.org\/2024\/wp-json\/wp\/v2\/types\/page"}],"author":[{"embeddable":true,"href":"https:\/\/journee.dnac.org\/2024\/wp-json\/wp\/v2\/users\/1"}],"replies":[{"embeddable":true,"href":"https:\/\/journee.dnac.org\/2024\/wp-json\/wp\/v2\/comments?post=473"}],"version-history":[{"count":7,"href":"https:\/\/journee.dnac.org\/2024\/wp-json\/wp\/v2\/pages\/473\/revisions"}],"predecessor-version":[{"id":507,"href":"https:\/\/journee.dnac.org\/2024\/wp-json\/wp\/v2\/pages\/473\/revisions\/507"}],"wp:attachment":[{"href":"https:\/\/journee.dnac.org\/2024\/wp-json\/wp\/v2\/media?parent=473"}],"curies":[{"name":"wp","href":"https:\/\/api.w.org\/{rel}","templated":true}]}}